{"id":1574,"date":"2024-02-19T11:17:03","date_gmt":"2024-02-19T14:17:03","guid":{"rendered":"https:\/\/verumgrupo.com.br\/reduza-as-suas-dividas-bancarias\/?page_id=1574"},"modified":"2024-02-19T11:17:18","modified_gmt":"2024-02-19T14:17:18","slug":"pre-cadastro-empresarial2","status":"publish","type":"page","link":"https:\/\/verumgrupo.com.br\/reduza-as-suas-dividas-bancarias\/pre-cadastro-empresarial2\/","title":{"rendered":"Pr\u00e9-Cadastro Empresarial &#8211; 2"},"content":{"rendered":"\t\t<div data-elementor-type=\"wp-page\" data-elementor-id=\"1574\" class=\"elementor elementor-1574\" data-elementor-post-type=\"page\">\n\t\t\t\t\t\t<section class=\"elementor-section elementor-top-section elementor-element elementor-element-299afc3 elementor-section-boxed elementor-section-height-default elementor-section-height-default\" data-id=\"299afc3\" data-element_type=\"section\" data-e-type=\"section\" data-settings=\"{&quot;background_background&quot;:&quot;classic&quot;}\">\n\t\t\t\t\t\t<div class=\"elementor-container elementor-column-gap-default\">\n\t\t\t\t\t<div class=\"elementor-column elementor-col-100 elementor-top-column elementor-element elementor-element-04361c0\" data-id=\"04361c0\" data-element_type=\"column\" data-e-type=\"column\">\n\t\t\t<div class=\"elementor-widget-wrap elementor-element-populated\">\n\t\t\t\t\t\t<div class=\"elementor-element elementor-element-f78c7fb elementor-widget elementor-widget-image\" data-id=\"f78c7fb\" data-element_type=\"widget\" data-e-type=\"widget\" data-widget_type=\"image.default\">\n\t\t\t\t<div class=\"elementor-widget-container\">\n\t\t\t\t\t\t\t\t\t\t\t\t\t\t\t<img decoding=\"async\" width=\"216\" height=\"115\" src=\"https:\/\/verumgrupo.com.br\/reduza-as-suas-dividas-bancarias\/wp-content\/uploads\/2021\/06\/logo-verum.png\" class=\"attachment-large size-large wp-image-13\" alt=\"\" \/>\t\t\t\t\t\t\t\t\t\t\t\t\t\t\t<\/div>\n\t\t\t\t<\/div>\n\t\t\t\t<div class=\"elementor-element elementor-element-060657c elementor-widget elementor-widget-heading\" data-id=\"060657c\" data-element_type=\"widget\" data-e-type=\"widget\" data-widget_type=\"heading.default\">\n\t\t\t\t<div class=\"elementor-widget-container\">\n\t\t\t\t\t<h2 class=\"elementor-heading-title elementor-size-default\">AGRADECEMOS SEU INTERESSE.<\/h2>\t\t\t\t<\/div>\n\t\t\t\t<\/div>\n\t\t\t\t<div class=\"elementor-element elementor-element-92fb18f elementor-widget elementor-widget-text-editor\" data-id=\"92fb18f\" data-element_type=\"widget\" data-e-type=\"widget\" data-widget_type=\"text-editor.default\">\n\t\t\t\t<div class=\"elementor-widget-container\">\n\t\t\t\t\t\t\t\t\t<p>Se voc\u00ea procura solu\u00e7\u00e3o para d\u00edvidas banc\u00e1rias acima de R$ 500 MIL,<br \/>clique em <strong>SOLU\u00c7\u00c3O PARA D\u00cdVIDAS.<\/strong><br \/>Agora, se voc\u00ea procura por empr\u00e9stimos ou outras solu\u00e7\u00f5es, clique em <strong>OUTRAS SOLU\u00c7\u00d5ES.<\/strong><\/p>\t\t\t\t\t\t\t\t<\/div>\n\t\t\t\t<\/div>\n\t\t\t\t<section class=\"elementor-section elementor-inner-section elementor-element elementor-element-8cdbe7d elementor-section-boxed elementor-section-height-default elementor-section-height-default\" data-id=\"8cdbe7d\" data-element_type=\"section\" data-e-type=\"section\">\n\t\t\t\t\t\t<div class=\"elementor-container elementor-column-gap-default\">\n\t\t\t\t\t<div class=\"elementor-column elementor-col-50 elementor-inner-column elementor-element elementor-element-0933fce\" data-id=\"0933fce\" data-element_type=\"column\" data-e-type=\"column\">\n\t\t\t<div class=\"elementor-widget-wrap elementor-element-populated\">\n\t\t\t\t\t\t<div class=\"elementor-element elementor-element-1dc37d3 elementor-align-justify elementor-widget elementor-widget-button\" data-id=\"1dc37d3\" data-element_type=\"widget\" data-e-type=\"widget\" data-widget_type=\"button.default\">\n\t\t\t\t<div class=\"elementor-widget-container\">\n\t\t\t\t\t\t\t\t\t<div class=\"elementor-button-wrapper\">\n\t\t\t\t\t<a class=\"elementor-button elementor-button-link elementor-size-sm\" href=\"https:\/\/verumgrupo.com.br\/reduza-as-suas-dividas-bancarias\/cadastro-empresarial-2\/\">\n\t\t\t\t\t\t<span class=\"elementor-button-content-wrapper\">\n\t\t\t\t\t\t\t\t\t<span class=\"elementor-button-text\">SOLU\u00c7\u00c3O PARA D\u00cdVIDAS<\/span>\n\t\t\t\t\t<\/span>\n\t\t\t\t\t<\/a>\n\t\t\t\t<\/div>\n\t\t\t\t\t\t\t\t<\/div>\n\t\t\t\t<\/div>\n\t\t\t\t\t<\/div>\n\t\t<\/div>\n\t\t\t\t<div class=\"elementor-column elementor-col-50 elementor-inner-column elementor-element elementor-element-f57e5bc\" data-id=\"f57e5bc\" data-element_type=\"column\" data-e-type=\"column\">\n\t\t\t<div class=\"elementor-widget-wrap elementor-element-populated\">\n\t\t\t\t\t\t<div class=\"elementor-element elementor-element-4330495 elementor-align-justify elementor-widget elementor-widget-button\" data-id=\"4330495\" data-element_type=\"widget\" data-e-type=\"widget\" data-widget_type=\"button.default\">\n\t\t\t\t<div class=\"elementor-widget-container\">\n\t\t\t\t\t\t\t\t\t<div class=\"elementor-button-wrapper\">\n\t\t\t\t\t<a class=\"elementor-button elementor-button-link elementor-size-sm\" href=\"https:\/\/verumgrupo.com.br\/\">\n\t\t\t\t\t\t<span class=\"elementor-button-content-wrapper\">\n\t\t\t\t\t\t\t\t\t<span class=\"elementor-button-text\">OUTRAS SOLU\u00c7\u00d5ES<\/span>\n\t\t\t\t\t<\/span>\n\t\t\t\t\t<\/a>\n\t\t\t\t<\/div>\n\t\t\t\t\t\t\t\t<\/div>\n\t\t\t\t<\/div>\n\t\t\t\t\t<\/div>\n\t\t<\/div>\n\t\t\t\t\t<\/div>\n\t\t<\/section>\n\t\t\t\t\t<\/div>\n\t\t<\/div>\n\t\t\t\t\t<\/div>\n\t\t<\/section>\n\t\t\t\t<\/div>\n\t\t","protected":false},"excerpt":{"rendered":"<p>AGRADECEMOS SEU INTERESSE. Se voc\u00ea procura solu\u00e7\u00e3o para d\u00edvidas banc\u00e1rias acima de R$ 500 MIL,clique em SOLU\u00c7\u00c3O PARA D\u00cdVIDAS.Agora, se voc\u00ea procura por empr\u00e9stimos ou outras solu\u00e7\u00f5es, clique em OUTRAS SOLU\u00c7\u00d5ES. SOLU\u00c7\u00c3O PARA D\u00cdVIDAS OUTRAS SOLU\u00c7\u00d5ES<\/p>\n","protected":false},"author":2,"featured_media":0,"parent":0,"menu_order":0,"comment_status":"closed","ping_status":"closed","template":"elementor_header_footer","meta":{"footnotes":""},"class_list":["post-1574","page","type-page","status-publish","hentry"],"_links":{"self":[{"href":"https:\/\/verumgrupo.com.br\/reduza-as-suas-dividas-bancarias\/wp-json\/wp\/v2\/pages\/1574","targetHints":{"allow":["GET"]}}],"collection":[{"href":"https:\/\/verumgrupo.com.br\/reduza-as-suas-dividas-bancarias\/wp-json\/wp\/v2\/pages"}],"about":[{"href":"https:\/\/verumgrupo.com.br\/reduza-as-suas-dividas-bancarias\/wp-json\/wp\/v2\/types\/page"}],"author":[{"embeddable":true,"href":"https:\/\/verumgrupo.com.br\/reduza-as-suas-dividas-bancarias\/wp-json\/wp\/v2\/users\/2"}],"replies":[{"embeddable":true,"href":"https:\/\/verumgrupo.com.br\/reduza-as-suas-dividas-bancarias\/wp-json\/wp\/v2\/comments?post=1574"}],"version-history":[{"count":0,"href":"https:\/\/verumgrupo.com.br\/reduza-as-suas-dividas-bancarias\/wp-json\/wp\/v2\/pages\/1574\/revisions"}],"wp:attachment":[{"href":"https:\/\/verumgrupo.com.br\/reduza-as-suas-dividas-bancarias\/wp-json\/wp\/v2\/media?parent=1574"}],"curies":[{"name":"wp","href":"https:\/\/api.w.org\/{rel}","templated":true}]}}